{"id":21,"date":"2026-03-25T10:57:26","date_gmt":"2026-03-25T15:57:26","guid":{"rendered":"https:\/\/espejosexpressautomotriz.com\/index.php\/home\/"},"modified":"2026-03-26T17:22:04","modified_gmt":"2026-03-26T22:22:04","slug":"home","status":"publish","type":"page","link":"https:\/\/espejosexpressautomotriz.com\/","title":{"rendered":"Inicio"},"content":{"rendered":"","protected":false},"excerpt":{"rendered":"","protected":false},"author":1,"featured_media":92,"parent":0,"menu_order":0,"comment_status":"closed","ping_status":"closed","template":"page-template\/front-page.php","meta":{"footnotes":""},"class_list":["post-21","page","type-page","status-publish","has-post-thumbnail","hentry"],"yoast_head":"<!-- This site is optimized with the Yoast SEO plugin v27.2 - https:\/\/yoast.com\/product\/yoast-seo-wordpress\/ -->\n<title>Inicio - Espejos Express Automotriz<\/title>\n<meta name=\"robots\" content=\"index, follow, max-snippet:-1, max-image-preview:large, max-video-preview:-1\" \/>\n<link rel=\"canonical\" href=\"https:\/\/espejosexpressautomotriz.com\/\" \/>\n<meta property=\"og:locale\" content=\"es_ES\" \/>\n<meta property=\"og:type\" content=\"article\" \/>\n<meta property=\"og:title\" content=\"Inicio - Espejos Express Automotriz\" \/>\n<meta property=\"og:url\" content=\"https:\/\/espejosexpressautomotriz.com\/\" \/>\n<meta property=\"og:site_name\" content=\"Espejos Express Automotriz\" \/>\n<meta property=\"article:publisher\" content=\"https:\/\/m.facebook.com\/profile.php?id=61577462425713&amp;name=xhp_nt__fb__action__open_user\" \/>\n<meta property=\"article:modified_time\" content=\"2026-03-26T22:22:04+00:00\" \/>\n<meta property=\"og:image\" content=\"https:\/\/espejosexpressautomotriz.com\/wp-content\/uploads\/2026\/03\/cropped-cropped-logo_espejos_express_automotriz-1-1.png\" \/>\n\t<meta property=\"og:image:width\" content=\"1024\" \/>\n\t<meta property=\"og:image:height\" content=\"1024\" \/>\n\t<meta property=\"og:image:type\" content=\"image\/png\" \/>\n<meta name=\"twitter:card\" content=\"summary_large_image\" \/>\n<meta name=\"twitter:label1\" content=\"Tiempo de lectura\" \/>\n\t<meta name=\"twitter:data1\" content=\"1 minuto\" \/>\n<script type=\"application\/ld+json\" class=\"yoast-schema-graph\">{\"@context\":\"https:\/\/schema.org\",\"@graph\":[{\"@type\":\"WebPage\",\"@id\":\"https:\/\/espejosexpressautomotriz.com\/\",\"url\":\"https:\/\/espejosexpressautomotriz.com\/\",\"name\":\"Inicio - Espejos Express Automotriz\",\"isPartOf\":{\"@id\":\"https:\/\/espejosexpressautomotriz.com\/#website\"},\"primaryImageOfPage\":{\"@id\":\"https:\/\/espejosexpressautomotriz.com\/#primaryimage\"},\"image\":{\"@id\":\"https:\/\/espejosexpressautomotriz.com\/#primaryimage\"},\"thumbnailUrl\":\"https:\/\/espejosexpressautomotriz.com\/wp-content\/uploads\/2026\/03\/cropped-cropped-logo_espejos_express_automotriz-1-1.png\",\"datePublished\":\"2026-03-25T15:57:26+00:00\",\"dateModified\":\"2026-03-26T22:22:04+00:00\",\"breadcrumb\":{\"@id\":\"https:\/\/espejosexpressautomotriz.com\/#breadcrumb\"},\"inLanguage\":\"es-CO\",\"potentialAction\":[{\"@type\":\"ReadAction\",\"target\":[\"https:\/\/espejosexpressautomotriz.com\/\"]}]},{\"@type\":\"ImageObject\",\"inLanguage\":\"es-CO\",\"@id\":\"https:\/\/espejosexpressautomotriz.com\/#primaryimage\",\"url\":\"https:\/\/espejosexpressautomotriz.com\/wp-content\/uploads\/2026\/03\/cropped-cropped-logo_espejos_express_automotriz-1-1.png\",\"contentUrl\":\"https:\/\/espejosexpressautomotriz.com\/wp-content\/uploads\/2026\/03\/cropped-cropped-logo_espejos_express_automotriz-1-1.png\",\"width\":1024,\"height\":1024},{\"@type\":\"BreadcrumbList\",\"@id\":\"https:\/\/espejosexpressautomotriz.com\/#breadcrumb\",\"itemListElement\":[{\"@type\":\"ListItem\",\"position\":1,\"name\":\"Inicio\",\"item\":\"https:\/\/espejosexpressautomotriz.com\/\"},{\"@type\":\"ListItem\",\"position\":2,\"name\":\"Inicio\"}]},{\"@type\":\"WebSite\",\"@id\":\"https:\/\/espejosexpressautomotriz.com\/#website\",\"url\":\"https:\/\/espejosexpressautomotriz.com\/\",\"name\":\"Espejos Express Automotriz\",\"description\":\"Espejos Express Automotriz es una empresa especializada en la venta de espejos para carros de todas las marcas y modelos en Bogot\u00e1. Ofrecemos repuestos automotrices nuevos, de alta calidad, con entrega r\u00e1pida y atenci\u00f3n inmediata. Cotiza tu espejo f\u00e1cil por WhatsApp y recibe asesor\u00eda personalizada.\",\"publisher\":{\"@id\":\"https:\/\/espejosexpressautomotriz.com\/#organization\"},\"potentialAction\":[{\"@type\":\"SearchAction\",\"target\":{\"@type\":\"EntryPoint\",\"urlTemplate\":\"https:\/\/espejosexpressautomotriz.com\/?s={search_term_string}\"},\"query-input\":{\"@type\":\"PropertyValueSpecification\",\"valueRequired\":true,\"valueName\":\"search_term_string\"}}],\"inLanguage\":\"es-CO\"},{\"@type\":\"Organization\",\"@id\":\"https:\/\/espejosexpressautomotriz.com\/#organization\",\"name\":\"Espejos Express Automotriz\",\"url\":\"https:\/\/espejosexpressautomotriz.com\/\",\"logo\":{\"@type\":\"ImageObject\",\"inLanguage\":\"es-CO\",\"@id\":\"https:\/\/espejosexpressautomotriz.com\/#\/schema\/logo\/image\/\",\"url\":\"https:\/\/espejosexpressautomotriz.com\/wp-content\/uploads\/2026\/03\/logo_espejos_express_automotriz.png\",\"contentUrl\":\"https:\/\/espejosexpressautomotriz.com\/wp-content\/uploads\/2026\/03\/logo_espejos_express_automotriz.png\",\"width\":1024,\"height\":1024,\"caption\":\"Espejos Express Automotriz\"},\"image\":{\"@id\":\"https:\/\/espejosexpressautomotriz.com\/#\/schema\/logo\/image\/\"},\"sameAs\":[\"https:\/\/m.facebook.com\/profile.php?id=61577462425713&name=xhp_nt__fb__action__open_user\",\"https:\/\/www.instagram.com\/espejos_express_automotriz?igsh=cXp6bmV5aGpkNHpk\"]}]}<\/script>\n<!-- \/ Yoast SEO plugin. -->","yoast_head_json":{"title":"Inicio - Espejos Express Automotriz","robots":{"index":"index","follow":"follow","max-snippet":"max-snippet:-1","max-image-preview":"max-image-preview:large","max-video-preview":"max-video-preview:-1"},"canonical":"https:\/\/espejosexpressautomotriz.com\/","og_locale":"es_ES","og_type":"article","og_title":"Inicio - Espejos Express Automotriz","og_url":"https:\/\/espejosexpressautomotriz.com\/","og_site_name":"Espejos Express Automotriz","article_publisher":"https:\/\/m.facebook.com\/profile.php?id=61577462425713&name=xhp_nt__fb__action__open_user","article_modified_time":"2026-03-26T22:22:04+00:00","og_image":[{"width":1024,"height":1024,"url":"https:\/\/espejosexpressautomotriz.com\/wp-content\/uploads\/2026\/03\/cropped-cropped-logo_espejos_express_automotriz-1-1.png","type":"image\/png"}],"twitter_card":"summary_large_image","twitter_misc":{"Tiempo de lectura":"1 minuto"},"schema":{"@context":"https:\/\/schema.org","@graph":[{"@type":"WebPage","@id":"https:\/\/espejosexpressautomotriz.com\/","url":"https:\/\/espejosexpressautomotriz.com\/","name":"Inicio - Espejos Express Automotriz","isPartOf":{"@id":"https:\/\/espejosexpressautomotriz.com\/#website"},"primaryImageOfPage":{"@id":"https:\/\/espejosexpressautomotriz.com\/#primaryimage"},"image":{"@id":"https:\/\/espejosexpressautomotriz.com\/#primaryimage"},"thumbnailUrl":"https:\/\/espejosexpressautomotriz.com\/wp-content\/uploads\/2026\/03\/cropped-cropped-logo_espejos_express_automotriz-1-1.png","datePublished":"2026-03-25T15:57:26+00:00","dateModified":"2026-03-26T22:22:04+00:00","breadcrumb":{"@id":"https:\/\/espejosexpressautomotriz.com\/#breadcrumb"},"inLanguage":"es-CO","potentialAction":[{"@type":"ReadAction","target":["https:\/\/espejosexpressautomotriz.com\/"]}]},{"@type":"ImageObject","inLanguage":"es-CO","@id":"https:\/\/espejosexpressautomotriz.com\/#primaryimage","url":"https:\/\/espejosexpressautomotriz.com\/wp-content\/uploads\/2026\/03\/cropped-cropped-logo_espejos_express_automotriz-1-1.png","contentUrl":"https:\/\/espejosexpressautomotriz.com\/wp-content\/uploads\/2026\/03\/cropped-cropped-logo_espejos_express_automotriz-1-1.png","width":1024,"height":1024},{"@type":"BreadcrumbList","@id":"https:\/\/espejosexpressautomotriz.com\/#breadcrumb","itemListElement":[{"@type":"ListItem","position":1,"name":"Inicio","item":"https:\/\/espejosexpressautomotriz.com\/"},{"@type":"ListItem","position":2,"name":"Inicio"}]},{"@type":"WebSite","@id":"https:\/\/espejosexpressautomotriz.com\/#website","url":"https:\/\/espejosexpressautomotriz.com\/","name":"Espejos Express Automotriz","description":"Espejos Express Automotriz es una empresa especializada en la venta de espejos para carros de todas las marcas y modelos en Bogot\u00e1. Ofrecemos repuestos automotrices nuevos, de alta calidad, con entrega r\u00e1pida y atenci\u00f3n inmediata. Cotiza tu espejo f\u00e1cil por WhatsApp y recibe asesor\u00eda personalizada.","publisher":{"@id":"https:\/\/espejosexpressautomotriz.com\/#organization"},"potentialAction":[{"@type":"SearchAction","target":{"@type":"EntryPoint","urlTemplate":"https:\/\/espejosexpressautomotriz.com\/?s={search_term_string}"},"query-input":{"@type":"PropertyValueSpecification","valueRequired":true,"valueName":"search_term_string"}}],"inLanguage":"es-CO"},{"@type":"Organization","@id":"https:\/\/espejosexpressautomotriz.com\/#organization","name":"Espejos Express Automotriz","url":"https:\/\/espejosexpressautomotriz.com\/","logo":{"@type":"ImageObject","inLanguage":"es-CO","@id":"https:\/\/espejosexpressautomotriz.com\/#\/schema\/logo\/image\/","url":"https:\/\/espejosexpressautomotriz.com\/wp-content\/uploads\/2026\/03\/logo_espejos_express_automotriz.png","contentUrl":"https:\/\/espejosexpressautomotriz.com\/wp-content\/uploads\/2026\/03\/logo_espejos_express_automotriz.png","width":1024,"height":1024,"caption":"Espejos Express Automotriz"},"image":{"@id":"https:\/\/espejosexpressautomotriz.com\/#\/schema\/logo\/image\/"},"sameAs":["https:\/\/m.facebook.com\/profile.php?id=61577462425713&name=xhp_nt__fb__action__open_user","https:\/\/www.instagram.com\/espejos_express_automotriz?igsh=cXp6bmV5aGpkNHpk"]}]}},"_links":{"self":[{"href":"https:\/\/espejosexpressautomotriz.com\/index.php\/wp-json\/wp\/v2\/pages\/21","targetHints":{"allow":["GET"]}}],"collection":[{"href":"https:\/\/espejosexpressautomotriz.com\/index.php\/wp-json\/wp\/v2\/pages"}],"about":[{"href":"https:\/\/espejosexpressautomotriz.com\/index.php\/wp-json\/wp\/v2\/types\/page"}],"author":[{"embeddable":true,"href":"https:\/\/espejosexpressautomotriz.com\/index.php\/wp-json\/wp\/v2\/users\/1"}],"replies":[{"embeddable":true,"href":"https:\/\/espejosexpressautomotriz.com\/index.php\/wp-json\/wp\/v2\/comments?post=21"}],"version-history":[{"count":3,"href":"https:\/\/espejosexpressautomotriz.com\/index.php\/wp-json\/wp\/v2\/pages\/21\/revisions"}],"predecessor-version":[{"id":113,"href":"https:\/\/espejosexpressautomotriz.com\/index.php\/wp-json\/wp\/v2\/pages\/21\/revisions\/113"}],"wp:featuredmedia":[{"embeddable":true,"href":"https:\/\/espejosexpressautomotriz.com\/index.php\/wp-json\/wp\/v2\/media\/92"}],"wp:attachment":[{"href":"https:\/\/espejosexpressautomotriz.com\/index.php\/wp-json\/wp\/v2\/media?parent=21"}],"curies":[{"name":"wp","href":"https:\/\/api.w.org\/{rel}","templated":true}]}}