{"id":39,"date":"2026-03-25T10:57:31","date_gmt":"2026-03-25T15:57:31","guid":{"rendered":"https:\/\/espejosexpressautomotriz.com\/index.php\/lorem-ipsum-is-printing-and-5\/"},"modified":"2026-03-26T18:13:55","modified_gmt":"2026-03-26T23:13:55","slug":"lorem-ipsum-is-printing-and-5","status":"publish","type":"page","link":"https:\/\/espejosexpressautomotriz.com\/index.php\/lorem-ipsum-is-printing-and-5\/","title":{"rendered":"2.1"},"content":{"rendered":"<p>Lorem ipsum dolor sit amet, consectetur adipiscing elit, sed do eiusmod tempor incididunt ut labore et dolore magna aliqua. Ut enim ad minim veniam&#8230;<\/p>\n<p>             Lorem Ipsum is simply dummy text of the printing and typesetting industry. Lorem Ipsum has been the industry standard dummy text ever since the 1500, when an unknown printer took a galley of type and scrambled it to make a type specimen book. It has survived not only five centuries, but also the leap into electronic typesetting, remaining essentially unchanged. It was popularised in the 1960 with the release of Letraset sheets containing Lorem Ipsum passages. <\/p>\n","protected":false},"excerpt":{"rendered":"<p>Lorem ipsum dolor sit amet, consectetur adipiscing elit, sed do eiusmod tempor incididunt ut labore et dolore magna aliqua. Ut enim ad minim veniam&#8230; Lorem Ipsum is simply dummy text of the printing and typesetting industry. Lorem Ipsum has been the industry standard dummy text ever since the 1500, when an unknown printer took a [&hellip;]<\/p>\n","protected":false},"author":1,"featured_media":125,"parent":0,"menu_order":0,"comment_status":"closed","ping_status":"closed","template":"","meta":{"footnotes":""},"class_list":["post-39","page","type-page","status-publish","has-post-thumbnail","hentry"],"yoast_head":"<!-- This site is optimized with the Yoast SEO plugin v27.2 - https:\/\/yoast.com\/product\/yoast-seo-wordpress\/ -->\n<title>2.1 - Espejos Express Automotriz<\/title>\n<meta name=\"robots\" content=\"index, follow, max-snippet:-1, max-image-preview:large, max-video-preview:-1\" \/>\n<link rel=\"canonical\" href=\"https:\/\/espejosexpressautomotriz.com\/index.php\/lorem-ipsum-is-printing-and-5\/\" \/>\n<meta property=\"og:locale\" content=\"es_ES\" \/>\n<meta property=\"og:type\" content=\"article\" \/>\n<meta property=\"og:title\" content=\"2.1 - Espejos Express Automotriz\" \/>\n<meta property=\"og:description\" content=\"Lorem ipsum dolor sit amet, consectetur adipiscing elit, sed do eiusmod tempor incididunt ut labore et dolore magna aliqua. Ut enim ad minim veniam&#8230; Lorem Ipsum is simply dummy text of the printing and typesetting industry. Lorem Ipsum has been the industry standard dummy text ever since the 1500, when an unknown printer took a [&hellip;]\" \/>\n<meta property=\"og:url\" content=\"https:\/\/espejosexpressautomotriz.com\/index.php\/lorem-ipsum-is-printing-and-5\/\" \/>\n<meta property=\"og:site_name\" content=\"Espejos Express Automotriz\" \/>\n<meta property=\"article:publisher\" content=\"https:\/\/m.facebook.com\/profile.php?id=61577462425713&amp;name=xhp_nt__fb__action__open_user\" \/>\n<meta property=\"article:modified_time\" content=\"2026-03-26T23:13:55+00:00\" \/>\n<meta property=\"og:image\" content=\"https:\/\/espejosexpressautomotriz.com\/wp-content\/uploads\/2026\/03\/WhatsApp-Image-2026-03-26-at-6.12.15-PM.jpeg\" \/>\n\t<meta property=\"og:image:width\" content=\"1536\" \/>\n\t<meta property=\"og:image:height\" content=\"1024\" \/>\n\t<meta property=\"og:image:type\" content=\"image\/jpeg\" \/>\n<meta name=\"twitter:card\" content=\"summary_large_image\" \/>\n<meta name=\"twitter:label1\" content=\"Tiempo de lectura\" \/>\n\t<meta name=\"twitter:data1\" content=\"1 minuto\" \/>\n<script type=\"application\/ld+json\" class=\"yoast-schema-graph\">{\"@context\":\"https:\/\/schema.org\",\"@graph\":[{\"@type\":\"WebPage\",\"@id\":\"https:\/\/espejosexpressautomotriz.com\/index.php\/lorem-ipsum-is-printing-and-5\/\",\"url\":\"https:\/\/espejosexpressautomotriz.com\/index.php\/lorem-ipsum-is-printing-and-5\/\",\"name\":\"2.1 - Espejos Express Automotriz\",\"isPartOf\":{\"@id\":\"https:\/\/espejosexpressautomotriz.com\/#website\"},\"primaryImageOfPage\":{\"@id\":\"https:\/\/espejosexpressautomotriz.com\/index.php\/lorem-ipsum-is-printing-and-5\/#primaryimage\"},\"image\":{\"@id\":\"https:\/\/espejosexpressautomotriz.com\/index.php\/lorem-ipsum-is-printing-and-5\/#primaryimage\"},\"thumbnailUrl\":\"https:\/\/espejosexpressautomotriz.com\/wp-content\/uploads\/2026\/03\/WhatsApp-Image-2026-03-26-at-6.12.15-PM.jpeg\",\"datePublished\":\"2026-03-25T15:57:31+00:00\",\"dateModified\":\"2026-03-26T23:13:55+00:00\",\"breadcrumb\":{\"@id\":\"https:\/\/espejosexpressautomotriz.com\/index.php\/lorem-ipsum-is-printing-and-5\/#breadcrumb\"},\"inLanguage\":\"es-CO\",\"potentialAction\":[{\"@type\":\"ReadAction\",\"target\":[\"https:\/\/espejosexpressautomotriz.com\/index.php\/lorem-ipsum-is-printing-and-5\/\"]}]},{\"@type\":\"ImageObject\",\"inLanguage\":\"es-CO\",\"@id\":\"https:\/\/espejosexpressautomotriz.com\/index.php\/lorem-ipsum-is-printing-and-5\/#primaryimage\",\"url\":\"https:\/\/espejosexpressautomotriz.com\/wp-content\/uploads\/2026\/03\/WhatsApp-Image-2026-03-26-at-6.12.15-PM.jpeg\",\"contentUrl\":\"https:\/\/espejosexpressautomotriz.com\/wp-content\/uploads\/2026\/03\/WhatsApp-Image-2026-03-26-at-6.12.15-PM.jpeg\",\"width\":1536,\"height\":1024},{\"@type\":\"BreadcrumbList\",\"@id\":\"https:\/\/espejosexpressautomotriz.com\/index.php\/lorem-ipsum-is-printing-and-5\/#breadcrumb\",\"itemListElement\":[{\"@type\":\"ListItem\",\"position\":1,\"name\":\"Inicio\",\"item\":\"https:\/\/espejosexpressautomotriz.com\/\"},{\"@type\":\"ListItem\",\"position\":2,\"name\":\"2.1\"}]},{\"@type\":\"WebSite\",\"@id\":\"https:\/\/espejosexpressautomotriz.com\/#website\",\"url\":\"https:\/\/espejosexpressautomotriz.com\/\",\"name\":\"Espejos Express Automotriz\",\"description\":\"Espejos Express Automotriz es una empresa especializada en la venta de espejos para carros de todas las marcas y modelos en Bogot\u00e1. Ofrecemos repuestos automotrices nuevos, de alta calidad, con entrega r\u00e1pida y atenci\u00f3n inmediata. Cotiza tu espejo f\u00e1cil por WhatsApp y recibe asesor\u00eda personalizada.\",\"publisher\":{\"@id\":\"https:\/\/espejosexpressautomotriz.com\/#organization\"},\"potentialAction\":[{\"@type\":\"SearchAction\",\"target\":{\"@type\":\"EntryPoint\",\"urlTemplate\":\"https:\/\/espejosexpressautomotriz.com\/?s={search_term_string}\"},\"query-input\":{\"@type\":\"PropertyValueSpecification\",\"valueRequired\":true,\"valueName\":\"search_term_string\"}}],\"inLanguage\":\"es-CO\"},{\"@type\":\"Organization\",\"@id\":\"https:\/\/espejosexpressautomotriz.com\/#organization\",\"name\":\"Espejos Express Automotriz\",\"url\":\"https:\/\/espejosexpressautomotriz.com\/\",\"logo\":{\"@type\":\"ImageObject\",\"inLanguage\":\"es-CO\",\"@id\":\"https:\/\/espejosexpressautomotriz.com\/#\/schema\/logo\/image\/\",\"url\":\"https:\/\/espejosexpressautomotriz.com\/wp-content\/uploads\/2026\/03\/logo_espejos_express_automotriz.png\",\"contentUrl\":\"https:\/\/espejosexpressautomotriz.com\/wp-content\/uploads\/2026\/03\/logo_espejos_express_automotriz.png\",\"width\":1024,\"height\":1024,\"caption\":\"Espejos Express Automotriz\"},\"image\":{\"@id\":\"https:\/\/espejosexpressautomotriz.com\/#\/schema\/logo\/image\/\"},\"sameAs\":[\"https:\/\/m.facebook.com\/profile.php?id=61577462425713&name=xhp_nt__fb__action__open_user\",\"https:\/\/www.instagram.com\/espejos_express_automotriz?igsh=cXp6bmV5aGpkNHpk\"]}]}<\/script>\n<!-- \/ Yoast SEO plugin. -->","yoast_head_json":{"title":"2.1 - Espejos Express Automotriz","robots":{"index":"index","follow":"follow","max-snippet":"max-snippet:-1","max-image-preview":"max-image-preview:large","max-video-preview":"max-video-preview:-1"},"canonical":"https:\/\/espejosexpressautomotriz.com\/index.php\/lorem-ipsum-is-printing-and-5\/","og_locale":"es_ES","og_type":"article","og_title":"2.1 - Espejos Express Automotriz","og_description":"Lorem ipsum dolor sit amet, consectetur adipiscing elit, sed do eiusmod tempor incididunt ut labore et dolore magna aliqua. Ut enim ad minim veniam&#8230; Lorem Ipsum is simply dummy text of the printing and typesetting industry. Lorem Ipsum has been the industry standard dummy text ever since the 1500, when an unknown printer took a [&hellip;]","og_url":"https:\/\/espejosexpressautomotriz.com\/index.php\/lorem-ipsum-is-printing-and-5\/","og_site_name":"Espejos Express Automotriz","article_publisher":"https:\/\/m.facebook.com\/profile.php?id=61577462425713&name=xhp_nt__fb__action__open_user","article_modified_time":"2026-03-26T23:13:55+00:00","og_image":[{"width":1536,"height":1024,"url":"https:\/\/espejosexpressautomotriz.com\/wp-content\/uploads\/2026\/03\/WhatsApp-Image-2026-03-26-at-6.12.15-PM.jpeg","type":"image\/jpeg"}],"twitter_card":"summary_large_image","twitter_misc":{"Tiempo de lectura":"1 minuto"},"schema":{"@context":"https:\/\/schema.org","@graph":[{"@type":"WebPage","@id":"https:\/\/espejosexpressautomotriz.com\/index.php\/lorem-ipsum-is-printing-and-5\/","url":"https:\/\/espejosexpressautomotriz.com\/index.php\/lorem-ipsum-is-printing-and-5\/","name":"2.1 - Espejos Express Automotriz","isPartOf":{"@id":"https:\/\/espejosexpressautomotriz.com\/#website"},"primaryImageOfPage":{"@id":"https:\/\/espejosexpressautomotriz.com\/index.php\/lorem-ipsum-is-printing-and-5\/#primaryimage"},"image":{"@id":"https:\/\/espejosexpressautomotriz.com\/index.php\/lorem-ipsum-is-printing-and-5\/#primaryimage"},"thumbnailUrl":"https:\/\/espejosexpressautomotriz.com\/wp-content\/uploads\/2026\/03\/WhatsApp-Image-2026-03-26-at-6.12.15-PM.jpeg","datePublished":"2026-03-25T15:57:31+00:00","dateModified":"2026-03-26T23:13:55+00:00","breadcrumb":{"@id":"https:\/\/espejosexpressautomotriz.com\/index.php\/lorem-ipsum-is-printing-and-5\/#breadcrumb"},"inLanguage":"es-CO","potentialAction":[{"@type":"ReadAction","target":["https:\/\/espejosexpressautomotriz.com\/index.php\/lorem-ipsum-is-printing-and-5\/"]}]},{"@type":"ImageObject","inLanguage":"es-CO","@id":"https:\/\/espejosexpressautomotriz.com\/index.php\/lorem-ipsum-is-printing-and-5\/#primaryimage","url":"https:\/\/espejosexpressautomotriz.com\/wp-content\/uploads\/2026\/03\/WhatsApp-Image-2026-03-26-at-6.12.15-PM.jpeg","contentUrl":"https:\/\/espejosexpressautomotriz.com\/wp-content\/uploads\/2026\/03\/WhatsApp-Image-2026-03-26-at-6.12.15-PM.jpeg","width":1536,"height":1024},{"@type":"BreadcrumbList","@id":"https:\/\/espejosexpressautomotriz.com\/index.php\/lorem-ipsum-is-printing-and-5\/#breadcrumb","itemListElement":[{"@type":"ListItem","position":1,"name":"Inicio","item":"https:\/\/espejosexpressautomotriz.com\/"},{"@type":"ListItem","position":2,"name":"2.1"}]},{"@type":"WebSite","@id":"https:\/\/espejosexpressautomotriz.com\/#website","url":"https:\/\/espejosexpressautomotriz.com\/","name":"Espejos Express Automotriz","description":"Espejos Express Automotriz es una empresa especializada en la venta de espejos para carros de todas las marcas y modelos en Bogot\u00e1. Ofrecemos repuestos automotrices nuevos, de alta calidad, con entrega r\u00e1pida y atenci\u00f3n inmediata. Cotiza tu espejo f\u00e1cil por WhatsApp y recibe asesor\u00eda personalizada.","publisher":{"@id":"https:\/\/espejosexpressautomotriz.com\/#organization"},"potentialAction":[{"@type":"SearchAction","target":{"@type":"EntryPoint","urlTemplate":"https:\/\/espejosexpressautomotriz.com\/?s={search_term_string}"},"query-input":{"@type":"PropertyValueSpecification","valueRequired":true,"valueName":"search_term_string"}}],"inLanguage":"es-CO"},{"@type":"Organization","@id":"https:\/\/espejosexpressautomotriz.com\/#organization","name":"Espejos Express Automotriz","url":"https:\/\/espejosexpressautomotriz.com\/","logo":{"@type":"ImageObject","inLanguage":"es-CO","@id":"https:\/\/espejosexpressautomotriz.com\/#\/schema\/logo\/image\/","url":"https:\/\/espejosexpressautomotriz.com\/wp-content\/uploads\/2026\/03\/logo_espejos_express_automotriz.png","contentUrl":"https:\/\/espejosexpressautomotriz.com\/wp-content\/uploads\/2026\/03\/logo_espejos_express_automotriz.png","width":1024,"height":1024,"caption":"Espejos Express Automotriz"},"image":{"@id":"https:\/\/espejosexpressautomotriz.com\/#\/schema\/logo\/image\/"},"sameAs":["https:\/\/m.facebook.com\/profile.php?id=61577462425713&name=xhp_nt__fb__action__open_user","https:\/\/www.instagram.com\/espejos_express_automotriz?igsh=cXp6bmV5aGpkNHpk"]}]}},"_links":{"self":[{"href":"https:\/\/espejosexpressautomotriz.com\/index.php\/wp-json\/wp\/v2\/pages\/39","targetHints":{"allow":["GET"]}}],"collection":[{"href":"https:\/\/espejosexpressautomotriz.com\/index.php\/wp-json\/wp\/v2\/pages"}],"about":[{"href":"https:\/\/espejosexpressautomotriz.com\/index.php\/wp-json\/wp\/v2\/types\/page"}],"author":[{"embeddable":true,"href":"https:\/\/espejosexpressautomotriz.com\/index.php\/wp-json\/wp\/v2\/users\/1"}],"replies":[{"embeddable":true,"href":"https:\/\/espejosexpressautomotriz.com\/index.php\/wp-json\/wp\/v2\/comments?post=39"}],"version-history":[{"count":2,"href":"https:\/\/espejosexpressautomotriz.com\/index.php\/wp-json\/wp\/v2\/pages\/39\/revisions"}],"predecessor-version":[{"id":123,"href":"https:\/\/espejosexpressautomotriz.com\/index.php\/wp-json\/wp\/v2\/pages\/39\/revisions\/123"}],"wp:featuredmedia":[{"embeddable":true,"href":"https:\/\/espejosexpressautomotriz.com\/index.php\/wp-json\/wp\/v2\/media\/125"}],"wp:attachment":[{"href":"https:\/\/espejosexpressautomotriz.com\/index.php\/wp-json\/wp\/v2\/media?parent=39"}],"curies":[{"name":"wp","href":"https:\/\/api.w.org\/{rel}","templated":true}]}}